{"id":1154,"date":"2022-11-15T15:36:19","date_gmt":"2022-11-15T13:36:19","guid":{"rendered":"https:\/\/www.tallari.net\/?page_id=1154"},"modified":"2024-09-30T08:03:03","modified_gmt":"2024-09-30T05:03:03","slug":"bio","status":"publish","type":"page","link":"https:\/\/www.tallari.net\/en\/bio\/","title":{"rendered":"BIO"},"content":{"rendered":"<p>[et_pb_section fb_built=&#8221;1&#8243; admin_label=&#8221;section&#8221; _builder_version=&#8221;4.27.0&#8243; background_repeat=&#8221;repeat&#8221; hover_enabled=&#8221;0&#8243; global_colors_info=&#8221;{}&#8221; background_enable_image=&#8221;off&#8221; sticky_enabled=&#8221;0&#8243;][et_pb_row admin_label=&#8221;row&#8221; _builder_version=&#8221;4.16&#8243; background_size=&#8221;initial&#8221; background_position=&#8221;top_left&#8221; background_repeat=&#8221;repeat&#8221; width=&#8221;60%&#8221; global_colors_info=&#8221;{}&#8221;][et_pb_column type=&#8221;4_4&#8243; _builder_version=&#8221;4.16&#8243; custom_padding=&#8221;|||&#8221; global_colors_info=&#8221;{}&#8221; custom_padding__hover=&#8221;|||&#8221;][et_pb_image src=&#8221;https:\/\/www.tallari.net\/wp-content\/uploads\/2024\/09\/untitled-448.jpg&#8221; _builder_version=&#8221;4.27.0&#8243; _module_preset=&#8221;default&#8221; title_text=&#8221;untitled-448&#8243; hover_enabled=&#8221;0&#8243; sticky_enabled=&#8221;0&#8243;][\/et_pb_image][et_pb_text admin_label=&#8221;Text&#8221; _builder_version=&#8221;4.27.0&#8243; background_size=&#8221;initial&#8221; background_position=&#8221;top_left&#8221; background_repeat=&#8221;repeat&#8221; hover_enabled=&#8221;0&#8243; global_colors_info=&#8221;{}&#8221; sticky_enabled=&#8221;0&#8243;]<\/p>\n<h1>Tallari<\/h1>\n<p>Pelimannimusiikin kehdosta Kaustiselta k\u00e4sin kansanmusiikkiyhtye <strong>Tallari<\/strong> on pit\u00e4nyt yll\u00e4 kohta jo 40 vuotta suomalaisen juurimusiikin liekki\u00e4 sytytt\u00e4en arkistojen aarteet eloon ja luoden uutta.<span style=\"font-weight: 400;\">T\u00e4m\u00e4n hetken Tallarissa soittavat tunnetuimpiin suomalaisiin kansan\u00admuusikoihin lukeutuvat <\/span><b>Arto J\u00e4rvel\u00e4<\/b><span style=\"font-weight: 400;\">, <\/span><b>Esko J\u00e4rvel\u00e4<\/b><span style=\"font-weight: 400;\">, <\/span><b>Katri Haukilahti<\/b><span style=\"font-weight: 400;\"> ja <\/span><b>Sampo Korva<\/b><span style=\"font-weight: 400;\">.<\/span><\/p>\n<p>Uutta Tallari-kokoonpanoa kuultiin ensi kerran kes\u00e4ll\u00e4 2019 ja ensimm\u00e4inen levy, <em>Luontua<\/em>, nykyiselt\u00e4 kokoonpanolta julkaistiin huhtikuussa 2021. Tallarin jatkuvasti uudistuva ohjelmisto kattaa laajasti kotimaista kansanmusiikkia painottuen l\u00e4nsisuomalaiseen viuluvetoiseen traditioon, sis\u00e4lt\u00e4\u00e4 kaustislaisen perinteen ikivihreit\u00e4, yhtyeen omia klassikoita ja uusia s\u00e4vellyksi\u00e4.<\/p>\n<div>\n<div>\n<div>\n<div>\n<div>\n<div><\/div>\n<div><\/div>\n<div><\/div>\n<div><\/div>\n<\/div>\n<\/div>\n<\/div>\n<\/div>\n<\/div>\n<p>Katri Haukilahti \u2013 viulu, laulu, avainviulu<br \/>Sampo Korva \u2013 harmooni, kitara, 2-rivinen haitari<br \/>Arto J\u00e4rvel\u00e4 \u2013 viulu, laulu, esseharpa, mandoliini<br \/>Esko J\u00e4rvel\u00e4 \u2013 viulu, harmooni, tenorikitara<\/p>\n<p><span>\u00a0<\/span><\/p>\n<p>&nbsp;<\/p>\n<p>[\/et_pb_text][\/et_pb_column][\/et_pb_row][\/et_pb_section]<\/p>\n","protected":false},"excerpt":{"rendered":"<p>Tallari Pelimannimusiikin kehdosta Kaustiselta k\u00e4sin kansanmusiikkiyhtye Tallari on pit\u00e4nyt yll\u00e4 kohta jo 40 vuotta suomalaisen juurimusiikin liekki\u00e4 sytytt\u00e4en arkistojen aarteet eloon ja luoden uutta.T\u00e4m\u00e4n hetken Tallarissa soittavat tunnetuimpiin suomalaisiin kansan\u00admuusikoihin lukeutuvat Arto J\u00e4rvel\u00e4, Esko J\u00e4rvel\u00e4, Katri Haukilahti ja Sampo Korva. Uutta Tallari-kokoonpanoa kuultiin ensi kerran kes\u00e4ll\u00e4 2019 ja ensimm\u00e4inen levy, Luontua, nykyiselt\u00e4 kokoonpanolta julkaistiin huhtikuussa [&hellip;]<\/p>\n","protected":false},"author":6,"featured_media":0,"parent":0,"menu_order":0,"comment_status":"closed","ping_status":"closed","template":"","meta":{"_et_pb_use_builder":"on","_et_pb_old_content":"","_et_gb_content_width":"","footnotes":""},"class_list":["post-1154","page","type-page","status-publish","hentry"],"_links":{"self":[{"href":"https:\/\/www.tallari.net\/en\/wp-json\/wp\/v2\/pages\/1154","targetHints":{"allow":["GET"]}}],"collection":[{"href":"https:\/\/www.tallari.net\/en\/wp-json\/wp\/v2\/pages"}],"about":[{"href":"https:\/\/www.tallari.net\/en\/wp-json\/wp\/v2\/types\/page"}],"author":[{"embeddable":true,"href":"https:\/\/www.tallari.net\/en\/wp-json\/wp\/v2\/users\/6"}],"replies":[{"embeddable":true,"href":"https:\/\/www.tallari.net\/en\/wp-json\/wp\/v2\/comments?post=1154"}],"version-history":[{"count":9,"href":"https:\/\/www.tallari.net\/en\/wp-json\/wp\/v2\/pages\/1154\/revisions"}],"predecessor-version":[{"id":1520,"href":"https:\/\/www.tallari.net\/en\/wp-json\/wp\/v2\/pages\/1154\/revisions\/1520"}],"wp:attachment":[{"href":"https:\/\/www.tallari.net\/en\/wp-json\/wp\/v2\/media?parent=1154"}],"curies":[{"name":"wp","href":"https:\/\/api.w.org\/{rel}","templated":true}]}}