{"id":363,"date":"2016-09-22T19:25:30","date_gmt":"2016-09-22T16:25:30","guid":{"rendered":"http:\/\/kansanmusiikki-instituutti.fi\/tallari\/?page_id=363"},"modified":"2016-09-22T19:25:30","modified_gmt":"2016-09-22T16:25:30","slug":"yhteistyossa","status":"publish","type":"page","link":"https:\/\/www.tallari.net\/en\/yhteistyossa\/","title":{"rendered":"Yhteisty\u00f6ss\u00e4"},"content":{"rendered":"<p>[cs_section style=&#8221;margin: 0px; padding: 45px 0px; &#8221;][cs_row style=&#8221;margin: 0px auto; padding: 0px; &#8221; inner_container=&#8221;true&#8221;][cs_column style=&#8221;padding: 0px; &#8221; fade_animation=&#8221;in&#8221; fade_animation_offset=&#8221;45px&#8221; fade_duration=&#8221;750&#8243; type=&#8221;1\/1&#8243;][cs_text]<\/p>\n<h2>Yhteisty\u00f6ss\u00e4<\/h2>\n<p>&nbsp;<br \/>\nTallarin rahoituksesta vastaavat Opetus- ja kulttuuriministeri\u00f6 sek\u00e4 Kaustisen kunta.<br \/>\nKausikonserttisarjan 2019-20 yhteisty\u00f6kumppaneita ovat HalpaHalli, Kaustinen Folk Music Festival, Ravintola Pelimanni sek\u00e4 Perhonjokilaakso -lehti.<br \/>\nLis\u00e4ksi vuosien 2019-20 toimintaan on saatu tukea Suomen Kulttuurirahastolta.<br \/>\nL\u00e4mmin kiitos kaikille rahoittajille, tukijoille ja yhteisty\u00f6kumppaneille![\/cs_text][x_gap size=&#8221;150px&#8221;][\/cs_column][\/cs_row][\/cs_section]<\/p>\n","protected":false},"excerpt":{"rendered":"<p>[cs_section style=&#8221;margin: 0px; padding: 45px 0px; &#8221;][cs_row style=&#8221;margin: 0px auto; padding: 0px; &#8221; inner_container=&#8221;true&#8221;][cs_column style=&#8221;padding: 0px; &#8221; fade_animation=&#8221;in&#8221; fade_animation_offset=&#8221;45px&#8221; fade_duration=&#8221;750&#8243; type=&#8221;1\/1&#8243;][cs_text] Yhteisty\u00f6ss\u00e4 &nbsp; Tallarin rahoituksesta vastaavat Opetus- ja kulttuuriministeri\u00f6 sek\u00e4 Kaustisen kunta. Kausikonserttisarjan 2019-20 yhteisty\u00f6kumppaneita ovat HalpaHalli, Kaustinen Folk Music Festival, Ravintola Pelimanni sek\u00e4 Perhonjokilaakso -lehti. Lis\u00e4ksi vuosien 2019-20 toimintaan on saatu tukea Suomen Kulttuurirahastolta. [&hellip;]<\/p>\n","protected":false},"author":1,"featured_media":0,"parent":0,"menu_order":0,"comment_status":"closed","ping_status":"closed","template":"","meta":{"_et_pb_use_builder":"","_et_pb_old_content":"","_et_gb_content_width":"","footnotes":""},"class_list":["post-363","page","type-page","status-publish","hentry"],"_links":{"self":[{"href":"https:\/\/www.tallari.net\/en\/wp-json\/wp\/v2\/pages\/363","targetHints":{"allow":["GET"]}}],"collection":[{"href":"https:\/\/www.tallari.net\/en\/wp-json\/wp\/v2\/pages"}],"about":[{"href":"https:\/\/www.tallari.net\/en\/wp-json\/wp\/v2\/types\/page"}],"author":[{"embeddable":true,"href":"https:\/\/www.tallari.net\/en\/wp-json\/wp\/v2\/users\/1"}],"replies":[{"embeddable":true,"href":"https:\/\/www.tallari.net\/en\/wp-json\/wp\/v2\/comments?post=363"}],"version-history":[{"count":0,"href":"https:\/\/www.tallari.net\/en\/wp-json\/wp\/v2\/pages\/363\/revisions"}],"wp:attachment":[{"href":"https:\/\/www.tallari.net\/en\/wp-json\/wp\/v2\/media?parent=363"}],"curies":[{"name":"wp","href":"https:\/\/api.w.org\/{rel}","templated":true}]}}