{"id":40,"date":"2014-09-24T20:10:15","date_gmt":"2014-09-24T17:10:15","guid":{"rendered":"http:\/\/kansanmusiikki-instituutti.fi\/tallari\/?page_id=40"},"modified":"2024-12-03T09:01:58","modified_gmt":"2024-12-03T07:01:58","slug":"yhteystiedot","status":"publish","type":"page","link":"https:\/\/www.tallari.net\/en\/yhteystiedot\/","title":{"rendered":"Contact"},"content":{"rendered":"<p>[et_pb_section fb_built=&#8221;1&#8243; admin_label=&#8221;section&#8221; _builder_version=&#8221;4.27.0&#8243; background_enable_image=&#8221;off&#8221; global_colors_info=&#8221;{}&#8221;][et_pb_row column_structure=&#8221;1_2,1_2&#8243; admin_label=&#8221;row&#8221; _builder_version=&#8221;4.16&#8243; background_size=&#8221;initial&#8221; background_position=&#8221;top_left&#8221; background_repeat=&#8221;repeat&#8221; width=&#8221;60%&#8221; width_tablet=&#8221;90%&#8221; width_phone=&#8221;&#8221; width_last_edited=&#8221;on|phone&#8221; global_colors_info=&#8221;{}&#8221;][et_pb_column type=&#8221;1_2&#8243; _builder_version=&#8221;4.16&#8243; custom_padding=&#8221;|||&#8221; global_colors_info=&#8221;{}&#8221; custom_padding__hover=&#8221;|||&#8221;][et_pb_image src=&#8221;https:\/\/www.tallari.net\/wp-content\/uploads\/2024\/09\/untitled-448.jpg&#8221; title_text=&#8221;untitled-448&#8243; _builder_version=&#8221;4.27.0&#8243; _module_preset=&#8221;default&#8221; global_colors_info=&#8221;{}&#8221;][\/et_pb_image][\/et_pb_column][et_pb_column type=&#8221;1_2&#8243; _builder_version=&#8221;4.16&#8243; custom_padding=&#8221;|||&#8221; global_colors_info=&#8221;{}&#8221; custom_padding__hover=&#8221;|||&#8221;][et_pb_text admin_label=&#8221;Text&#8221; _builder_version=&#8221;4.27.4&#8243; background_size=&#8221;initial&#8221; background_position=&#8221;top_left&#8221; background_repeat=&#8221;repeat&#8221; hover_enabled=&#8221;0&#8243; global_colors_info=&#8221;{}&#8221; sticky_enabled=&#8221;0&#8243;]<\/p>\n<h1>Yhteystiedot<\/h1>\n<p><strong>Kansanmusiikkiyhtye Tallari<\/strong><br \/>+358 40 358 8921<br \/><a href=\"mailto:tallarimusic@gmail.com\">tallarimusic@gmail.com<\/a><\/p>\n<p><strong>Sanni Virta, tuottaja<br \/><\/strong>Keikkamyynti, konserttisalit, festivaalit ja yksityistilaisuudet<br \/><a href=\"mailto:tallarimusic@gmail.com\">tallarimusic@gmail.com<\/a><br \/>+358 50 522 8077<\/p>\n<p><strong>Henna Leisi\u00f6, yhteis\u00f6tuottaja<\/strong><br \/>Lasten, ik\u00e4ihmisten ja erityisryhmien konsertit sek\u00e4 perinne\/museopihat<br \/><a href=\"mailto:henna.leisio@gmail.com\">henna.leisio@gmail.com<\/a><br \/>+358 44 524 5693<\/p>\n<p>****************<br \/><strong>Katri Haukilahti, muusikko<\/strong><br \/>+358 40 578 9025<\/p>\n<p><strong>Sampo Korva, muusikko, johtaja<\/strong><br \/>+358 50 514 3307<\/p>\n<p><strong>Matti Hakam\u00e4ki, toiminnanjohtaja,<br \/>Kansanmusiikki-instituutti ry \/ Tallari<\/strong><br \/>+358 40 358 8921<\/p>\n<p><strong>K\u00e4yntiosoite:<\/strong><br \/>Pelimannitalo, Konstantie 8<br \/>69600 Kaustinen<br \/>postiosoite:<br \/>c\/o Kansanmusiikki-instituutti<br \/>Jyv\u00e4skyl\u00e4ntie 3<br \/>69600 Kaustinen<\/p>\n<p>Tallari-yhtyett\u00e4 hallinnoi Kansanmusiikki-instituutti ry, jonka verkkosivuilta l\u00f6ytyy my\u00f6s Tallarin <a href=\"https:\/\/kansanmusiikki-instituutti.fi\/toimintakertomukset\/\">toimintakertomukset<\/a> ja <a href=\"https:\/\/kansanmusiikki-instituutti.fi\/wp-content\/uploads\/2024\/12\/Vastuullissuussuunnitelma_24-11-25LOP.pdf\">vastuullisuussuunnitelma<\/a>.<\/p>\n<p>[\/et_pb_text][\/et_pb_column][\/et_pb_row][\/et_pb_section]<\/p>\n","protected":false},"excerpt":{"rendered":"<p>Yhteystiedot Kansanmusiikkiyhtye Tallari+358 40 358 8921tallarimusic@gmail.com Sanni Virta, tuottajaKeikkamyynti, konserttisalit, festivaalit ja yksityistilaisuudettallarimusic@gmail.com+358 50 522 8077 Henna Leisi\u00f6, yhteis\u00f6tuottajaLasten, ik\u00e4ihmisten ja erityisryhmien konsertit sek\u00e4 perinne\/museopihathenna.leisio@gmail.com+358 44 524 5693 ****************Katri Haukilahti, muusikko+358 40 578 9025 Sampo Korva, muusikko, johtaja+358 50 514 3307 Matti Hakam\u00e4ki, toiminnanjohtaja,Kansanmusiikki-instituutti ry \/ Tallari+358 40 358 8921 K\u00e4yntiosoite:Pelimannitalo, Konstantie 869600 Kaustinenpostiosoite:c\/o Kansanmusiikki-instituuttiJyv\u00e4skyl\u00e4ntie [&hellip;]<\/p>\n","protected":false},"author":1,"featured_media":0,"parent":0,"menu_order":0,"comment_status":"closed","ping_status":"open","template":"","meta":{"_et_pb_use_builder":"on","_et_pb_old_content":"[cs_section style=\"margin: 0px; padding: 45px 0px 0px; \"][cs_row style=\"margin: 0px auto; padding: 0px; \" inner_container=\"true\"][cs_column style=\"padding: 0px; \" fade_animation=\"in\" fade_animation_offset=\"45px\" fade_duration=\"750\" type=\"1\/1\"][x_custom_headline level=\"h2\" looks_like=\"h3\" accent=\"true\" class=\"center-text \"]Tilaa Tallari palvelukseesi![\/x_custom_headline][x_gap size=\"50px\"][cs_text]Tallarin konserttitarjonnassa on erilaisia produktioita, mestaripelimannien ja -laulajien ohjelmistoja ja tyylej\u00e4 havainnollistavia konserttikokonaisuuksia, soivia kansansoitinesittelyj\u00e4, omia s\u00e4vellyksi\u00e4 ja l\u00e4pileikkauksia historiallisen ja t\u00e4m\u00e4n p\u00e4iv\u00e4n kansanmusiikin ilmi\u00f6ist\u00e4. Konserttitarjontaan kuuluvat my\u00f6s kirkkokonsertit, h\u00e4\u00e4musiikki, ohjelmamusiikki erilaisiin perhejuhliin, vanha tanssimusiikki, ja paljon muuta. Konserttikokonaisuuksista lis\u00e4\u00e4 tietoa Ohjelmisto-sivulla.[\/cs_text][\/cs_column][\/cs_row][\/cs_section][cs_section style=\"margin: 0px; padding: 45px 0px; \"][cs_row style=\"margin: 0px auto; padding: 0px; \" inner_container=\"true\"][cs_column style=\"padding: 0px; \" fade_animation=\"in\" fade_animation_offset=\"45px\" fade_duration=\"750\" type=\"1\/2\"][cs_text]Kansanmusiikkiyhtye Tallari\n+358 40 3588 921\ntallarimusic@gmail.com\n\nKatri Haukilahti, muusikko\n+358 40 578 9025\nSampo Korva, muusikko, johtaja\n+358 50 514 3307\n\nMatti Hakam\u00e4ki, toiminnanjohtaja, Kansanmusiikki-instituutti ry \/ Tallari\n+358 40 358 8921\n\nk\u00e4yntiosoite:\nPelimannitalo, Konstantie 8\n69600 Kaustinen\npostiosoite:\nc\/o Kansanmusiikki-instituutti\nJyv\u00e4skyl\u00e4ntie 3\n69600 Kaustinen[\/cs_text][\/cs_column][cs_column style=\"padding: 0px; \" fade_animation=\"in\" fade_animation_offset=\"45px\" fade_duration=\"750\" type=\"1\/2\"]\u00a0[\/cs_column][\/cs_row][\/cs_section]","_et_gb_content_width":"","footnotes":""},"class_list":["post-40","page","type-page","status-publish","hentry"],"_links":{"self":[{"href":"https:\/\/www.tallari.net\/en\/wp-json\/wp\/v2\/pages\/40","targetHints":{"allow":["GET"]}}],"collection":[{"href":"https:\/\/www.tallari.net\/en\/wp-json\/wp\/v2\/pages"}],"about":[{"href":"https:\/\/www.tallari.net\/en\/wp-json\/wp\/v2\/types\/page"}],"author":[{"embeddable":true,"href":"https:\/\/www.tallari.net\/en\/wp-json\/wp\/v2\/users\/1"}],"replies":[{"embeddable":true,"href":"https:\/\/www.tallari.net\/en\/wp-json\/wp\/v2\/comments?post=40"}],"version-history":[{"count":16,"href":"https:\/\/www.tallari.net\/en\/wp-json\/wp\/v2\/pages\/40\/revisions"}],"predecessor-version":[{"id":1545,"href":"https:\/\/www.tallari.net\/en\/wp-json\/wp\/v2\/pages\/40\/revisions\/1545"}],"wp:attachment":[{"href":"https:\/\/www.tallari.net\/en\/wp-json\/wp\/v2\/media?parent=40"}],"curies":[{"name":"wp","href":"https:\/\/api.w.org\/{rel}","templated":true}]}}